{"id":1780,"date":"2020-02-11T16:38:33","date_gmt":"2020-02-11T15:38:33","guid":{"rendered":"https:\/\/5g-berlin.de\/?page_id=1780"},"modified":"2020-02-11T16:39:48","modified_gmt":"2020-02-11T15:39:48","slug":"datenschutzerklaerung","status":"publish","type":"page","link":"https:\/\/5g-berlin.de\/en\/datenschutzerklaerung\/","title":{"rendered":"Data Protection Policy"},"content":{"rendered":"<p class=\"bodytext\">Datenschutzinformationen f\u00fcr Besucher der Webseite<\/p>\r\n<p class=\"bodytext\">Die im Impressum dieser Webseite genannte Innovationscluster 5G Berlin e.V. m\u00f6chte Ihnen nachstehend erkl\u00e4ren, welche Daten von Ihnen auf dieser Webseite wie verarbeitet werden.<\/p>\r\n<h5>Zweck, Rechtsgrundlage, Kategorien von Empf\u00e4ngern, Speicherdauer der Datenverarbeitung<\/h5>\r\n<p class=\"bodytext\">Zweck: Darstellung der Innovationscluster 5G Berlin e.V. sowie Kommunikation \u00fcber das Internet<\/p>\r\n<p class=\"bodytext\">Zweck der Datenverarbeitung auf dieser Webseite ist die Information \u00fcber T\u00e4tigkeiten unserer Firma, verbunden mit der M\u00f6glichkeit der Nutzer, zielgerichtet mit Ansprechpartnern Kontakt aufnehmen zu k\u00f6nnen. Im \u00dcbrigen bearbeiten wir Personendaten gem\u00e4\u00df folgenden Rechtsgrundlagen:<\/p>\r\n<p class=\"bodytext\">\u2022 Art. 6 Abs. 1 lit. a DSGVO f\u00fcr die Bearbeitung von Personendaten mit Einwilligung der betroffenen Person.<\/p>\r\n<p class=\"bodytext\">\u2022 Art. 6 Abs. 1 lit. b DSGVO f\u00fcr die erforderliche Bearbeitung von Personendaten zur Erf\u00fcllung eines Vertrages mit der betroffenen Person sowie zur Durchf\u00fchrung entsprechender vorvertraglicher Ma\u00dfnahmen.<\/p>\r\n<p class=\"bodytext\">\u2022 Art. 6 Abs. 1 lit. c DSGVO f\u00fcr die erforderliche Bearbeitung von Personendaten zur Erf\u00fcllung einer rechtlichen Verpflichtung, der wir gem\u00e4\u00df allenfalls anwendbarem Recht der EU oder gem\u00e4\u00df allenfalls anwendbarem Recht eines Landes, in dem die DSGVO ganz oder teilweise anwendbar ist, unterliegen.<\/p>\r\n<p class=\"bodytext\">\u2022 Art. 6 Abs. 1 lit. f DSGVO f\u00fcr die erforderliche Bearbeitung von Personendaten, um die berechtigten Interessen von uns oder von Dritten zu wahren, sofern nicht die Grundfreiheiten und Grundrechte sowie Interessen der betroffenen Person \u00fcberwiegen. Berechtigte Interessen sind insbesondere unser betriebswirtschaftliches Interesse, unsere Website bereitstellen zu k\u00f6nnen, die Informationssicherheit, die Durchsetzung von eigenen rechtlichen Anspr\u00fcchen und die Einhaltung weiterer Rechtsvorschriften.<\/p>\r\n<p class=\"bodytext\">Hierzu setzen wir im Rahmen der Leistungserbringung gesondert zur Verschwiegenheit und auf den Datenschutzverpflichte Personen ein.<\/p>\r\n<p class=\"bodytext\">Bei Ihrem Besuch der Website wird eine Verbindung mit Ihrem Browser hergestellt. Diese nachstehenden dabei erhobenen Informationen werden tempor\u00e4r Systemdateien abgelegt und automatisch erfasst: IP-Adresse Ihres Ger\u00e4ts, Datum und Uhrzeit des Zugriffs, Name und URL von abgerufenen Dateien, Website, von der aus der Zugriff erfolgt bzw. von aus Sie auf unsere Seite geleitet wurden (Referrer-URL), verwendeter Browser und ggf. das Betriebssystem Ihres Ger\u00e4ts sowie der Name Ihres Providers. Die genannten Daten werden durch uns zu Zwecken des reibungslosen Verbindungsaufbaus und der Systemsicherheit verarbeitet. Die anfallenden Verbindungsdaten werden automatisch gel\u00f6scht, in der Regel maximal f\u00fcr sieben Tage. Sofern die Webseite missbr\u00e4uchlich genutzt wird, werden Log-Daten, deren weitere Aufbewahrung zu Beweiszwecken erforderlich ist, sind bis zur Kl\u00e4rung des Vorfalls aufgehoben.<\/p>\r\n<h5>Nutzung von Cookies<\/h5>\r\n<p class=\"bodytext\">Innovationscluster 5G Berlin e.V. setzt keine Tracker, Cookies o.\u00e4. ein und sammelt keine personenbezogenen Daten bei Besuchen der Website www.5g-berlin.org.<\/p>\r\n<h5>Ihr Recht auf Auskunft, Berichtigung, L\u00f6schung, Widerspruch und Daten\u00fcbertragbarkeit<\/h5>\r\n<p class=\"bodytext\">Sie k\u00f6nnen jederzeit Ihr Recht auf Auskunft, Berichtigung und L\u00f6schung von Daten wahrnehmen. Kontaktieren Sie uns einfach auf den oben beschriebenen Wegen. Sofern Sie eine Datenl\u00f6schung w\u00fcnschen, wir aber noch gesetzlich zur Aufbewahrung verpflichtet sind, wird der Zugriff auf Ihre Daten eingeschr\u00e4nkt (gesperrt). Gleiches gilt bei einem Widerspruch. Ihr Recht auf Daten\u00fcbertragbarkeit k\u00f6nnen Sie wahrnehmen, soweit die technischen M\u00f6glichkeiten beim Empf\u00e4nger und bei uns zur Verf\u00fcgung stehen.<\/p>\r\n<h5>Beschwerderecht<\/h5>\r\n<p class=\"bodytext\">Sie haben jederzeit die M\u00f6glichkeit, eine Beschwerde bei einer Datenschutz-Aufsichtsbeh\u00f6rde einzureichen.<\/p>\r\n<h5>Aktualit\u00e4t und \u00c4nderung dieser Datenschutzerkl\u00e4rung<\/h5>\r\n<p class=\"bodytext\">Wir behalten uns vor, den Inhalt dieser Datenschutzerkl\u00e4rung jederzeit anzupassen. Dies erfolgt in der Regel bei Weiterentwicklung oder Anpassung der eingesetzten Dienste. Die aktuelle Datenschutzerkl\u00e4rung k\u00f6nnen Sie auf unserer Webseite einsehen.<\/p>\r\n<p class=\"bodytext\">F\u00fcr weitere Informationen zu Cookies beachten Sie bitte die allgemeine Datenschutzerkl\u00e4rung von Innovationscluster 5G Berlin e.V.<\/p>\r\n<div>\u00a0<\/div>","protected":false},"excerpt":{"rendered":"<p>Datenschutzinformationen f\u00fcr Besucher der Webseite Die im Impressum dieser Webseite genannte Innovationscluster 5G Berlin e.V. m\u00f6chte Ihnen nachstehend erkl\u00e4ren, welche Daten von Ihnen auf dieser Webseite wie verarbeitet werden. Zweck, Rechtsgrundlage, Kategorien von Empf\u00e4ngern, Speicherdauer der Datenverarbeitung Zweck: Darstellung der Innovationscluster 5G Berlin e.V. sowie Kommunikation \u00fcber das Internet Zweck der Datenverarbeitung auf dieser Webseite [&hellip;]<\/p>\n","protected":false},"author":5,"featured_media":0,"parent":0,"menu_order":0,"comment_status":"closed","ping_status":"closed","template":"page-templates\/page-full-width-no-title.php","meta":{"_acf_changed":false,"footnotes":""},"class_list":["post-1780","page","type-page","status-publish","hentry"],"acf":[],"yoast_head":"<!-- This site is optimized with the Yoast SEO plugin v27.4 - https:\/\/yoast.com\/product\/yoast-seo-wordpress\/ -->\n<title>Datenschutzerkl\u00e4rung - Innovationscluster 5G Berlin<\/title>\n<meta name=\"robots\" content=\"index, follow, max-snippet:-1, max-image-preview:large, max-video-preview:-1\" \/>\n<link rel=\"canonical\" href=\"https:\/\/5g-berlin.de\/en\/datenschutzerklaerung\/\" \/>\n<meta property=\"og:locale\" content=\"en_US\" \/>\n<meta property=\"og:type\" content=\"article\" \/>\n<meta property=\"og:title\" content=\"Datenschutzerkl\u00e4rung - Innovationscluster 5G Berlin\" \/>\n<meta property=\"og:description\" content=\"Datenschutzinformationen f\u00fcr Besucher der Webseite Die im Impressum dieser Webseite genannte Innovationscluster 5G Berlin e.V. m\u00f6chte Ihnen nachstehend erkl\u00e4ren, welche Daten von Ihnen auf dieser Webseite wie verarbeitet werden. Zweck, Rechtsgrundlage, Kategorien von Empf\u00e4ngern, Speicherdauer der Datenverarbeitung Zweck: Darstellung der Innovationscluster 5G Berlin e.V. sowie Kommunikation \u00fcber das Internet Zweck der Datenverarbeitung auf dieser Webseite [&hellip;]\" \/>\n<meta property=\"og:url\" content=\"https:\/\/5g-berlin.de\/en\/datenschutzerklaerung\/\" \/>\n<meta property=\"og:site_name\" content=\"Innovationscluster 5G Berlin\" \/>\n<meta property=\"article:modified_time\" content=\"2020-02-11T15:39:48+00:00\" \/>\n<meta name=\"twitter:card\" content=\"summary_large_image\" \/>\n<meta name=\"twitter:label1\" content=\"Est. reading time\" \/>\n\t<meta name=\"twitter:data1\" content=\"3 minutes\" \/>\n<script type=\"application\/ld+json\" class=\"yoast-schema-graph\">{\"@context\":\"https:\\\/\\\/schema.org\",\"@graph\":[{\"@type\":\"WebPage\",\"@id\":\"https:\\\/\\\/5g-berlin.de\\\/datenschutzerklaerung\\\/\",\"url\":\"https:\\\/\\\/5g-berlin.de\\\/datenschutzerklaerung\\\/\",\"name\":\"Datenschutzerkl\u00e4rung - Innovationscluster 5G Berlin\",\"isPartOf\":{\"@id\":\"https:\\\/\\\/5g-berlin.de\\\/#website\"},\"datePublished\":\"2020-02-11T15:38:33+00:00\",\"dateModified\":\"2020-02-11T15:39:48+00:00\",\"breadcrumb\":{\"@id\":\"https:\\\/\\\/5g-berlin.de\\\/datenschutzerklaerung\\\/#breadcrumb\"},\"inLanguage\":\"en-US\",\"potentialAction\":[{\"@type\":\"ReadAction\",\"target\":[\"https:\\\/\\\/5g-berlin.de\\\/datenschutzerklaerung\\\/\"]}]},{\"@type\":\"BreadcrumbList\",\"@id\":\"https:\\\/\\\/5g-berlin.de\\\/datenschutzerklaerung\\\/#breadcrumb\",\"itemListElement\":[{\"@type\":\"ListItem\",\"position\":1,\"name\":\"Home\",\"item\":\"https:\\\/\\\/5g-berlin.de\\\/\"},{\"@type\":\"ListItem\",\"position\":2,\"name\":\"Datenschutzerkl\u00e4rung\"}]},{\"@type\":\"WebSite\",\"@id\":\"https:\\\/\\\/5g-berlin.de\\\/#website\",\"url\":\"https:\\\/\\\/5g-berlin.de\\\/\",\"name\":\"Innovationscluster 5G Berlin\",\"description\":\"\",\"potentialAction\":[{\"@type\":\"SearchAction\",\"target\":{\"@type\":\"EntryPoint\",\"urlTemplate\":\"https:\\\/\\\/5g-berlin.de\\\/?s={search_term_string}\"},\"query-input\":{\"@type\":\"PropertyValueSpecification\",\"valueRequired\":true,\"valueName\":\"search_term_string\"}}],\"inLanguage\":\"en-US\"}]}<\/script>\n<!-- \/ Yoast SEO plugin. -->","yoast_head_json":{"title":"Datenschutzerkl\u00e4rung - Innovationscluster 5G Berlin","robots":{"index":"index","follow":"follow","max-snippet":"max-snippet:-1","max-image-preview":"max-image-preview:large","max-video-preview":"max-video-preview:-1"},"canonical":"https:\/\/5g-berlin.de\/en\/datenschutzerklaerung\/","og_locale":"en_US","og_type":"article","og_title":"Datenschutzerkl\u00e4rung - Innovationscluster 5G Berlin","og_description":"Datenschutzinformationen f\u00fcr Besucher der Webseite Die im Impressum dieser Webseite genannte Innovationscluster 5G Berlin e.V. m\u00f6chte Ihnen nachstehend erkl\u00e4ren, welche Daten von Ihnen auf dieser Webseite wie verarbeitet werden. Zweck, Rechtsgrundlage, Kategorien von Empf\u00e4ngern, Speicherdauer der Datenverarbeitung Zweck: Darstellung der Innovationscluster 5G Berlin e.V. sowie Kommunikation \u00fcber das Internet Zweck der Datenverarbeitung auf dieser Webseite [&hellip;]","og_url":"https:\/\/5g-berlin.de\/en\/datenschutzerklaerung\/","og_site_name":"Innovationscluster 5G Berlin","article_modified_time":"2020-02-11T15:39:48+00:00","twitter_card":"summary_large_image","twitter_misc":{"Est. reading time":"3 minutes"},"schema":{"@context":"https:\/\/schema.org","@graph":[{"@type":"WebPage","@id":"https:\/\/5g-berlin.de\/datenschutzerklaerung\/","url":"https:\/\/5g-berlin.de\/datenschutzerklaerung\/","name":"Datenschutzerkl\u00e4rung - Innovationscluster 5G Berlin","isPartOf":{"@id":"https:\/\/5g-berlin.de\/#website"},"datePublished":"2020-02-11T15:38:33+00:00","dateModified":"2020-02-11T15:39:48+00:00","breadcrumb":{"@id":"https:\/\/5g-berlin.de\/datenschutzerklaerung\/#breadcrumb"},"inLanguage":"en-US","potentialAction":[{"@type":"ReadAction","target":["https:\/\/5g-berlin.de\/datenschutzerklaerung\/"]}]},{"@type":"BreadcrumbList","@id":"https:\/\/5g-berlin.de\/datenschutzerklaerung\/#breadcrumb","itemListElement":[{"@type":"ListItem","position":1,"name":"Home","item":"https:\/\/5g-berlin.de\/"},{"@type":"ListItem","position":2,"name":"Datenschutzerkl\u00e4rung"}]},{"@type":"WebSite","@id":"https:\/\/5g-berlin.de\/#website","url":"https:\/\/5g-berlin.de\/","name":"Innovationscluster 5G Berlin","description":"","potentialAction":[{"@type":"SearchAction","target":{"@type":"EntryPoint","urlTemplate":"https:\/\/5g-berlin.de\/?s={search_term_string}"},"query-input":{"@type":"PropertyValueSpecification","valueRequired":true,"valueName":"search_term_string"}}],"inLanguage":"en-US"}]}},"_links":{"self":[{"href":"https:\/\/5g-berlin.de\/en\/wp-json\/wp\/v2\/pages\/1780","targetHints":{"allow":["GET"]}}],"collection":[{"href":"https:\/\/5g-berlin.de\/en\/wp-json\/wp\/v2\/pages"}],"about":[{"href":"https:\/\/5g-berlin.de\/en\/wp-json\/wp\/v2\/types\/page"}],"author":[{"embeddable":true,"href":"https:\/\/5g-berlin.de\/en\/wp-json\/wp\/v2\/users\/5"}],"replies":[{"embeddable":true,"href":"https:\/\/5g-berlin.de\/en\/wp-json\/wp\/v2\/comments?post=1780"}],"version-history":[{"count":1,"href":"https:\/\/5g-berlin.de\/en\/wp-json\/wp\/v2\/pages\/1780\/revisions"}],"predecessor-version":[{"id":1781,"href":"https:\/\/5g-berlin.de\/en\/wp-json\/wp\/v2\/pages\/1780\/revisions\/1781"}],"wp:attachment":[{"href":"https:\/\/5g-berlin.de\/en\/wp-json\/wp\/v2\/media?parent=1780"}],"curies":[{"name":"wp","href":"https:\/\/api.w.org\/{rel}","templated":true}]}}