{"id":139,"date":"2018-01-29T22:51:28","date_gmt":"2018-01-29T22:51:28","guid":{"rendered":"https:\/\/www.5g-berlin.de\/?page_id=139"},"modified":"2022-08-30T15:57:22","modified_gmt":"2022-08-30T14:57:22","slug":"impressum","status":"publish","type":"page","link":"https:\/\/5g-berlin.de\/en\/impressum\/","title":{"rendered":"Imprint"},"content":{"rendered":"<div class=\"wpb-content-wrapper\"><section class=\"vc_section\"><div class=\"vc_row wpb_row vc_row-fluid\"><div class=\"wpb_column vc_column_container vc_col-sm-12\"><div class=\"vc_column-inner\"><div class=\"wpb_wrapper\">\n\t<div class=\"wpb_text_column wpb_content_element\" >\n\t\t<div class=\"wpb_wrapper\">\n\t\t\t<h1>Imprint<\/h1>\n\n\t\t<\/div>\n\t<\/div>\n<\/div><\/div><\/div><\/div><div class=\"vc_row wpb_row vc_row-fluid\"><div class=\"wpb_column vc_column_container vc_col-sm-12\"><div class=\"vc_column-inner\"><div class=\"wpb_wrapper\">\n\t<div class=\"wpb_text_column wpb_content_element\" >\n\t\t<div class=\"wpb_wrapper\">\n\t\t\t<p class=\"bodytext\">Verantwortlicher bzw. Vertretungsberechtigter gem\u00e4\u00df<\/p>\n<p class=\"bodytext\">\u00a7 5 TMG,<br \/>\n\u00a7 55 Abs. 2 RStV und<br \/>\nArt. 4, Nr.7 DS-GVO<\/p>\n<p class=\"bodytext\">Ist<\/p>\n<p class=\"bodytext\">Innovationscluster 5G Berlin e.V.<br \/>\nc\/o Fraunhofer Heichrich-Hertz-Institut<br \/>\nEinsteinufer 37<br \/>\n10587 Berlin<\/p>\n<p class=\"bodytext\">registriert beim Amtsgericht Charlottenburg in Berlin<br \/>\n<span lang=\"DE\">Steuernummer 27\/640\/60694<\/span><\/p>\n<p>Eingetragener Verein<br \/>\nRegister-Nr. VR37227B<\/p>\n<p><strong>Verantwortlicher Redakteur:<\/strong><\/p>\n<p>Innovationscluster 5G Berlin e.V.<br \/>\nVorstand: Slawomir Stanczak, Carsten Rossenh\u00f6vel, Andreas Eisenbl\u00e4tter<\/p>\n<p>+49.30.318059533<br \/>\n+49.30.31002702<br \/>\n<a href=\"mailto:contact@5G-BERLIN.org\">contact@5G-BERLIN.org<\/a><\/p>\n<p>&nbsp;<\/p>\n<h2>Haftungsausschluss<\/h2>\n<h5>Haftung f\u00fcr Inhalte<\/h5>\n<p class=\"bodytext\">Die Inhalte unserer Seiten wurden mit gr\u00f6\u00dfter Sorgfalt erstellt. Die 5G Berlin, im folgenden Autor genannt, \u00fcbernimmt keinerlei Gew\u00e4hr f\u00fcr die Aktualit\u00e4t, Korrektheit, Vollst\u00e4ndigkeit oder Qualit\u00e4t der bereitgestellten Informationen. Haftungsanspr\u00fcche gegen den Autor, welche sich auf Sch\u00e4den materieller oder ideeller Art beziehen, die durch die Nutzung oder Nichtnutzung der dargebotenen Informationen bzw. durch die Nutzung fehlerhafter und unvollst\u00e4ndiger Informationen verursacht wurden, sind grunds\u00e4tzlich ausgeschlossen, sofern seitens des Autors kein nachweislich vors\u00e4tzliches oder grob fahrl\u00e4ssiges Verschulden vorliegt. Alle Angebote sind freibleibend und unverbindlich. Der Autor beh\u00e4lt es sich ausdr\u00fccklich vor, Teile der Seiten oder das gesamte Angebot ohne gesonderte Ank\u00fcndigung zu ver\u00e4ndern, zu erg\u00e4nzen, zu l\u00f6schen oder die Ver\u00f6ffentlichung zeitweise oder endg\u00fcltig einzustellen.<\/p>\n<h5>Verweise und Links<\/h5>\n<p class=\"bodytext\">Bei direkten oder indirekten Verweisen auf fremde Webseiten (&#8222;Hyperlinks&#8220;), die au\u00dferhalb des Verantwortungsbereiches des Autors liegen, w\u00fcrde eine Haftungsverpflichtung ausschlie\u00dflich in dem Fall in Kraft treten, in dem der Autor von den Inhalten Kenntnis hat und es ihm technisch m\u00f6glich und zumutbar w\u00e4re, die Nutzung im Falle rechtswidriger Inhalte zu verhindern. Der Autor erkl\u00e4rt hiermit ausdr\u00fccklich, dass zum Zeitpunkt der Linksetzung keine illegalen Inhalte auf den zu verlinkenden Seiten erkennbar waren. Eine permanente inhaltliche Kontrolle der verlinkten Seiten ist jedoch ohne konkrete Anhaltspunkte einer Rechtsverletzung nicht zumutbar. Bei Bekanntwerden von Rechtsverletzungen werden wir derartige Links umgehend entfernen. Auf die aktuelle und zuk\u00fcnftige Gestaltung, die Inhalte oder die Urheberschaft der gelinkten\/verkn\u00fcpften Seiten hat der Autor keinerlei Einfluss. Deshalb distanziert er sich hiermit ausdr\u00fccklich von allen Inhalten aller gelinkten \/verkn\u00fcpften Seiten, die nach der Linksetzung ver\u00e4ndert wurden. Diese Feststellung gilt f\u00fcr alle innerhalb des eigenen Internetangebotes gesetzten Links und Verweise sowie f\u00fcr Fremdeintr\u00e4ge in vom Autor eingerichteten G\u00e4steb\u00fcchern, Diskussionsforen und Mailinglisten. F\u00fcr illegale, fehlerhafte oder unvollst\u00e4ndige Inhalte und insbesondere f\u00fcr Sch\u00e4den, die aus der Nutzung oder Nichtnutzung solcherart dargebotener Informationen entstehen, haftet allein der Anbieter der Seite, auf welche verwiesen wurde, nicht derjenige, der \u00fcber Links auf die jeweilige Ver\u00f6ffentlichung lediglich verweist.<\/p>\n<h5>Urheber- und Kennzeichenrecht<\/h5>\n<p class=\"bodytext\">Der Autor ist bestrebt, in allen Publikationen die Urheberrechte der verwendeten Grafiken, Tondokumente, Videosequenzen und Texte zu beachten, von ihm selbst erstellte Grafiken, Tondokumente, Videosequenzen und Texte zu nutzen oder auf lizenzfreie Grafiken, Tondokumente, Videosequenzen und Texte zur\u00fcckzugreifen. Alle innerhalb des Internetangebotes genannten und ggf. durch Dritte gesch\u00fctzten Marken- und Warenzeichen unterliegen uneingeschr\u00e4nkt den Bestimmungen des jeweils g\u00fcltigen Kennzeichenrechts und den Besitzrechten der jeweiligen eingetragenen Eigent\u00fcmer. Allein aufgrund der blo\u00dfen Nennung ist nicht der Schluss zu ziehen, dass Markenzeichen nicht durch Rechte Dritter gesch\u00fctzt sind! Das Copyright f\u00fcr ver\u00f6ffentlichte, vom Autor selbst erstellte Objekte bleibt allein beim Autor der Seiten. Eine Vervielf\u00e4ltigung oder Verwendung solcher Grafiken, Tondokumente, Videosequenzen und Texte in anderen elektronischen oder gedruckten Publikationen ist ohne ausdr\u00fcckliche Zustimmung des Autors nicht gestattet.<\/p>\n<h5>Rechtswirksamkeit dieses Haftungsausschlusses<\/h5>\n<p class=\"bodytext\">Dieser Haftungsausschluss ist als Teil des Internetangebotes zu betrachten, von dem aus auf diese Seite verwiesen wurde. Sofern Teile oder einzelne Formulierungen dieses Textes der geltenden Rechtslage nicht, nicht mehr oder nicht vollst\u00e4ndig entsprechen sollten, bleiben die \u00fcbrigen Teile des Dokumentes in ihrem Inhalt und ihrer G\u00fcltigkeit davon unber\u00fchrt Wir weisen darauf hin, dass die Daten\u00fcbertragung im Internet (z.B. bei der Kommunikation per E-Mail) Sicherheitsl\u00fccken aufweisen kann. Ein l\u00fcckenloser Schutz der Daten vor dem Zugriff durch Dritte ist nicht m\u00f6glich. Der Nutzung von im Rahmen der Impressumspflicht ver\u00f6ffentlichten Kontaktdaten durch Dritte zur \u00dcbersendung von nicht ausdr\u00fccklich angeforderter Werbung und Informationsmaterialien wird hiermit ausdr\u00fccklich widersprochen. Die Betreiber der Seiten behalten sich ausdr\u00fccklich rechtliche Schritte im Falle der unverlangten Zusendung von Werbeinformationen, etwa durch Spam-Mails, vor.<\/p>\n<h5>Bildnachweise<\/h5>\n<p class=\"bodytext\">Die Rechte an allen Bildern auf dieser Website liegen bei ihren jeweiligen Urhebern oder Lizenzgebern. Die Abbildungen sind von 5G Berlin selbst erstellt. Alle Rechte vorbehalten.<\/p>\n<h5>Drittbeitr\u00e4ge<\/h5>\n<p class=\"bodytext\">Die Rechte an Beitr\u00e4gen, die automatisch von Dritten eingespielt werden, liegen bei ihren jeweiligen Urhebern oder Lizenzgebern, dies betrifft aktuell keine Seiten. Alle Rechte vorbehalten.<\/p>\n<h5>Foto-Nachweise<\/h5>\n<p class=\"bodytext\">F\u00fcr die Verwendung der Fotos gelten Folgende Hinweise zum Urheberrecht:<\/p>\n<p class=\"bodytext\">\u00a9 Bildrechte liegen bei Innovationscluster 5G Berlin e.V.<\/p>\n\n\t\t<\/div>\n\t<\/div>\n<\/div><\/div><\/div><\/div><\/section>\n<\/div>","protected":false},"excerpt":{"rendered":"Impressum Verantwortlicher bzw. Vertretungsberechtigter gem\u00e4\u00df \u00a7 5 TMG, \u00a7 55 Abs. 2 RStV und Art. 4, Nr.7 DS-GVO Ist Innovationscluster 5G Berlin e.V. c\/o Fraunhofer Heichrich-Hertz-Institut Einsteinufer 37 10587 Berlin registriert beim Amtsgericht Charlottenburg in Berlin Steuernummer 27\/640\/60694 Eingetragener Verein Register-Nr. VR37227B Verantwortlicher Redakteur: Innovationscluster 5G Berlin e.V. Vorstand: Slawomir Stanczak, Carsten Rossenh\u00f6vel, Andreas Eisenbl\u00e4tter [...]","protected":false},"author":5,"featured_media":0,"parent":0,"menu_order":0,"comment_status":"closed","ping_status":"closed","template":"page-templates\/page-full-width-no-title.php","meta":{"_acf_changed":false,"footnotes":""},"class_list":["post-139","page","type-page","status-publish","hentry"],"acf":[],"yoast_head":"<!-- This site is optimized with the Yoast SEO plugin v27.3 - https:\/\/yoast.com\/product\/yoast-seo-wordpress\/ -->\n<title>Impressum - Innovationscluster 5G Berlin<\/title>\n<meta name=\"robots\" content=\"index, follow, max-snippet:-1, max-image-preview:large, max-video-preview:-1\" \/>\n<link rel=\"canonical\" href=\"https:\/\/5g-berlin.de\/en\/impressum\/\" \/>\n<meta property=\"og:locale\" content=\"en_US\" \/>\n<meta property=\"og:type\" content=\"article\" \/>\n<meta property=\"og:title\" content=\"Impressum - Innovationscluster 5G Berlin\" \/>\n<meta property=\"og:url\" content=\"https:\/\/5g-berlin.de\/en\/impressum\/\" \/>\n<meta property=\"og:site_name\" content=\"Innovationscluster 5G Berlin\" \/>\n<meta property=\"article:modified_time\" content=\"2022-08-30T14:57:22+00:00\" \/>\n<meta name=\"twitter:card\" content=\"summary_large_image\" \/>\n<meta name=\"twitter:label1\" content=\"Est. reading time\" \/>\n\t<meta name=\"twitter:data1\" content=\"4 minutes\" \/>\n<script type=\"application\/ld+json\" class=\"yoast-schema-graph\">{\"@context\":\"https:\\\/\\\/schema.org\",\"@graph\":[{\"@type\":\"WebPage\",\"@id\":\"https:\\\/\\\/5g-berlin.de\\\/impressum\\\/\",\"url\":\"https:\\\/\\\/5g-berlin.de\\\/impressum\\\/\",\"name\":\"Impressum - Innovationscluster 5G Berlin\",\"isPartOf\":{\"@id\":\"https:\\\/\\\/5g-berlin.de\\\/#website\"},\"datePublished\":\"2018-01-29T22:51:28+00:00\",\"dateModified\":\"2022-08-30T14:57:22+00:00\",\"breadcrumb\":{\"@id\":\"https:\\\/\\\/5g-berlin.de\\\/impressum\\\/#breadcrumb\"},\"inLanguage\":\"en-US\",\"potentialAction\":[{\"@type\":\"ReadAction\",\"target\":[\"https:\\\/\\\/5g-berlin.de\\\/impressum\\\/\"]}]},{\"@type\":\"BreadcrumbList\",\"@id\":\"https:\\\/\\\/5g-berlin.de\\\/impressum\\\/#breadcrumb\",\"itemListElement\":[{\"@type\":\"ListItem\",\"position\":1,\"name\":\"Home\",\"item\":\"https:\\\/\\\/5g-berlin.de\\\/\"},{\"@type\":\"ListItem\",\"position\":2,\"name\":\"Impressum\"}]},{\"@type\":\"WebSite\",\"@id\":\"https:\\\/\\\/5g-berlin.de\\\/#website\",\"url\":\"https:\\\/\\\/5g-berlin.de\\\/\",\"name\":\"Innovationscluster 5G Berlin\",\"description\":\"\",\"potentialAction\":[{\"@type\":\"SearchAction\",\"target\":{\"@type\":\"EntryPoint\",\"urlTemplate\":\"https:\\\/\\\/5g-berlin.de\\\/?s={search_term_string}\"},\"query-input\":{\"@type\":\"PropertyValueSpecification\",\"valueRequired\":true,\"valueName\":\"search_term_string\"}}],\"inLanguage\":\"en-US\"}]}<\/script>\n<!-- \/ Yoast SEO plugin. -->","yoast_head_json":{"title":"Impressum - Innovationscluster 5G Berlin","robots":{"index":"index","follow":"follow","max-snippet":"max-snippet:-1","max-image-preview":"max-image-preview:large","max-video-preview":"max-video-preview:-1"},"canonical":"https:\/\/5g-berlin.de\/en\/impressum\/","og_locale":"en_US","og_type":"article","og_title":"Impressum - Innovationscluster 5G Berlin","og_url":"https:\/\/5g-berlin.de\/en\/impressum\/","og_site_name":"Innovationscluster 5G Berlin","article_modified_time":"2022-08-30T14:57:22+00:00","twitter_card":"summary_large_image","twitter_misc":{"Est. reading time":"4 minutes"},"schema":{"@context":"https:\/\/schema.org","@graph":[{"@type":"WebPage","@id":"https:\/\/5g-berlin.de\/impressum\/","url":"https:\/\/5g-berlin.de\/impressum\/","name":"Impressum - Innovationscluster 5G Berlin","isPartOf":{"@id":"https:\/\/5g-berlin.de\/#website"},"datePublished":"2018-01-29T22:51:28+00:00","dateModified":"2022-08-30T14:57:22+00:00","breadcrumb":{"@id":"https:\/\/5g-berlin.de\/impressum\/#breadcrumb"},"inLanguage":"en-US","potentialAction":[{"@type":"ReadAction","target":["https:\/\/5g-berlin.de\/impressum\/"]}]},{"@type":"BreadcrumbList","@id":"https:\/\/5g-berlin.de\/impressum\/#breadcrumb","itemListElement":[{"@type":"ListItem","position":1,"name":"Home","item":"https:\/\/5g-berlin.de\/"},{"@type":"ListItem","position":2,"name":"Impressum"}]},{"@type":"WebSite","@id":"https:\/\/5g-berlin.de\/#website","url":"https:\/\/5g-berlin.de\/","name":"Innovationscluster 5G Berlin","description":"","potentialAction":[{"@type":"SearchAction","target":{"@type":"EntryPoint","urlTemplate":"https:\/\/5g-berlin.de\/?s={search_term_string}"},"query-input":{"@type":"PropertyValueSpecification","valueRequired":true,"valueName":"search_term_string"}}],"inLanguage":"en-US"}]}},"_links":{"self":[{"href":"https:\/\/5g-berlin.de\/en\/wp-json\/wp\/v2\/pages\/139","targetHints":{"allow":["GET"]}}],"collection":[{"href":"https:\/\/5g-berlin.de\/en\/wp-json\/wp\/v2\/pages"}],"about":[{"href":"https:\/\/5g-berlin.de\/en\/wp-json\/wp\/v2\/types\/page"}],"author":[{"embeddable":true,"href":"https:\/\/5g-berlin.de\/en\/wp-json\/wp\/v2\/users\/5"}],"replies":[{"embeddable":true,"href":"https:\/\/5g-berlin.de\/en\/wp-json\/wp\/v2\/comments?post=139"}],"version-history":[{"count":9,"href":"https:\/\/5g-berlin.de\/en\/wp-json\/wp\/v2\/pages\/139\/revisions"}],"predecessor-version":[{"id":2164,"href":"https:\/\/5g-berlin.de\/en\/wp-json\/wp\/v2\/pages\/139\/revisions\/2164"}],"wp:attachment":[{"href":"https:\/\/5g-berlin.de\/en\/wp-json\/wp\/v2\/media?parent=139"}],"curies":[{"name":"wp","href":"https:\/\/api.w.org\/{rel}","templated":true}]}}